{"id":3383,"date":"2024-03-05T17:34:37","date_gmt":"2024-03-05T17:34:37","guid":{"rendered":"https:\/\/affinis.cc\/impressum\/"},"modified":"2025-08-25T10:12:29","modified_gmt":"2025-08-25T10:12:29","slug":"impressum","status":"publish","type":"page","link":"https:\/\/affinis.cc\/it\/impressum\/","title":{"rendered":"Colofone"},"content":{"rendered":"<div data-elementor-type=\"wp-page\" data-elementor-id=\"3383\" class=\"elementor elementor-3383\" data-elementor-post-type=\"page\">\n\t\t\t\t<div class=\"elementor-element elementor-element-870a7e2 e-con-full e-flex e-con e-parent\" data-id=\"870a7e2\" data-element_type=\"container\">\n\t\t\t\t<div class=\"elementor-element elementor-element-0fc63b3 elementor-widget__width-initial elementor-widget elementor-widget-heading\" data-id=\"0fc63b3\" data-element_type=\"widget\" data-widget_type=\"heading.default\">\n\t\t\t\t<div class=\"elementor-widget-container\">\n\t\t\t<h1 class=\"elementor-heading-title elementor-size-default\">Colofone<\/h1>\t\t<\/div>\n\t\t\t\t<\/div>\n\t\t\t\t<\/div>\n\t\t<div class=\"elementor-element elementor-element-179f5fb e-flex e-con-boxed e-con e-parent\" data-id=\"179f5fb\" data-element_type=\"container\">\n\t\t\t\t\t<div class=\"e-con-inner\">\n\t\t\t\t<div class=\"elementor-element elementor-element-7adf117 elementor-widget__width-initial contact-info elementor-widget elementor-widget-text-editor\" data-id=\"7adf117\" data-element_type=\"widget\" data-widget_type=\"text-editor.default\">\n\t\t\t\t<div class=\"elementor-widget-container\">\n\t\t\t\t\t\t\t<p><strong>affinis srl<\/strong><br \/>Via Peter Mayr 9<br \/>39042 Bressanone<\/p><p><strong>Numero di telefono:<\/strong> <a href=\"tel:+393756284325\">+39 329 572 5671<\/a><br \/><strong>Email:<\/strong> \u00a0<a href=\"mailto:info@rottonara-films.com\">info@affinis.cc<\/a><br \/><strong>PEC:\u00a0<\/strong><a href=\"mailto:r-media@pec.it\">affinis@pec.it<\/a><\/p><p><strong><br \/>P.IVA: <\/strong>IT 03278000215<br \/><strong>Capitale sociale<\/strong>: 10.000,00 EURO<br \/><strong>Amministratori delegati<\/strong>: Benno Rottonara, Tobias Ramoser<\/p><p><strong>Progettazione &amp; design<\/strong> <br \/>COMA Design, <a href=\"https:\/\/comacreative.com\">comacreative.com<\/a><\/p><p><strong>Realizzazione tecnica<\/strong><br \/>affinis, <a href=\"https:\/\/affinis.cc\/it\/\">affinis.cc<\/a><\/p><p><strong>Copyright:<\/strong><\/p><p>Tutti i contenuti e le opere pubblicati su questo sito web sono protetti da copyright. La riproduzione o l'uso in altre pubblicazioni elettroniche o stampate non sono consentiti senza il nostro esplicito consenso.<\/p><p class=\"translation-block\">Per il contenuto delle pagine collegate sono responsabili esclusivamente i rispettivi gestori.<br>Non siamo disposti n\u00e9 obbligati a partecipare a procedure di risoluzione delle controversie davanti a un organismo di mediazione dei consumatori.<\/p>\t\t\t\t\t\t<\/div>\n\t\t\t\t<\/div>\n\t\t\t\t\t<\/div>\n\t\t\t\t<\/div>\n\t\t\t\t<\/div>","protected":false},"excerpt":{"rendered":"<p>Impressum affinis GmbHPeter-Mayr-Stra\u00dfe 939042 Brixen Telefonnummer: +39 329 572 5671E-Mail: \u00a0info@affinis.ccPEC:\u00a0affinis@pec.it MwSt.Nr.: IT 03278000215Gesellschaftskapital: 10.000,00 EUROGesch\u00e4ftsf\u00fchrer: Benno Rottonara, Tobias Ramoser Gestaltung &amp; Design COMA Design, comacreative.com Technische Realisierungaffinis, affinis.cc Copyright: Alle auf dieser Website ver\u00f6ffentlichten Inhalte und Werke sind urheberrechtlich gesch\u00fctzt. Eine Vervielf\u00e4ltigung oder Verwendung in anderen elektronischen oder gedruckten Publikationen ist ohne unsere ausdr\u00fcckliche [&hellip;]<\/p>\n","protected":false},"author":3,"featured_media":0,"parent":0,"menu_order":0,"comment_status":"closed","ping_status":"closed","template":"elementor_header_footer","meta":{"footnotes":""},"class_list":["post-3383","page","type-page","status-publish","hentry"],"aioseo_notices":[],"_links":{"self":[{"href":"https:\/\/affinis.cc\/it\/wp-json\/wp\/v2\/pages\/3383"}],"collection":[{"href":"https:\/\/affinis.cc\/it\/wp-json\/wp\/v2\/pages"}],"about":[{"href":"https:\/\/affinis.cc\/it\/wp-json\/wp\/v2\/types\/page"}],"author":[{"embeddable":true,"href":"https:\/\/affinis.cc\/it\/wp-json\/wp\/v2\/users\/3"}],"replies":[{"embeddable":true,"href":"https:\/\/affinis.cc\/it\/wp-json\/wp\/v2\/comments?post=3383"}],"version-history":[{"count":30,"href":"https:\/\/affinis.cc\/it\/wp-json\/wp\/v2\/pages\/3383\/revisions"}],"predecessor-version":[{"id":7079,"href":"https:\/\/affinis.cc\/it\/wp-json\/wp\/v2\/pages\/3383\/revisions\/7079"}],"wp:attachment":[{"href":"https:\/\/affinis.cc\/it\/wp-json\/wp\/v2\/media?parent=3383"}],"curies":[{"name":"wp","href":"https:\/\/api.w.org\/{rel}","templated":true}]}}